{"id":328,"date":"2024-01-09T16:20:30","date_gmt":"2024-01-09T15:20:30","guid":{"rendered":"https:\/\/pch24.pl\/ksiega-pamieci\/?page_id=328"},"modified":"2024-01-09T16:24:59","modified_gmt":"2024-01-09T15:24:59","slug":"klauzula-informacyjna","status":"publish","type":"page","link":"https:\/\/pch24.pl\/ksiega-pamieci\/klauzula-informacyjna\/","title":{"rendered":"Klauzula informacyjna"},"content":{"rendered":"\t\t<div data-elementor-type=\"wp-page\" data-elementor-id=\"328\" class=\"elementor elementor-328\" data-elementor-post-type=\"page\">\n\t\t\t\t<div class=\"elementor-element elementor-element-f7d25d9 e-con-full e-flex e-con e-parent\" data-id=\"f7d25d9\" data-element_type=\"container\" data-e-type=\"container\">\n\t\t\t\t<div class=\"elementor-element elementor-element-1941a69 elementor-widget elementor-widget-heading\" data-id=\"1941a69\" data-element_type=\"widget\" data-e-type=\"widget\" data-widget_type=\"heading.default\">\n\t\t\t\t<div class=\"elementor-widget-container\">\n\t\t\t\t\t<h2 class=\"elementor-heading-title elementor-size-default\">Klauzula informacyjna<\/h2>\t\t\t\t<\/div>\n\t\t\t\t<\/div>\n\t\t\t\t<div class=\"elementor-element elementor-element-2c13d1a elementor-widget elementor-widget-text-editor\" data-id=\"2c13d1a\" data-element_type=\"widget\" data-e-type=\"widget\" data-widget_type=\"text-editor.default\">\n\t\t\t\t<div class=\"elementor-widget-container\">\n\t\t\t\t\t\t\t\t\t<p>Informujemy, \u017ce Pa\u0144stwa dane osobowe przetwarzane s\u0105 przez Stowarzyszenie Kultury Chrze\u015bcija\u0144skiej im. Ksi\u0119dza Piotra Skargi z siedzib\u0105 przy ul. Augustia\u0144skiej 28, 31-064 Krak\u00f3w (administrator danych osobowych), w nast\u0119puj\u0105cych celach: a) w celu wykonania zam\u00f3wienia i wsparcia akcji, przetwarzanie Pa\u0144stwa danych w wy\u017cej wskazanym celu s\u0142u\u017cy podj\u0119ciu dzia\u0142a\u0144 przed zawarciem umowy i w wykonaniu umowy zgodnie z art. 6 ust. 1 lit. b RODO, b) w ramach utrzymywania sta\u0142ego kontaktu w zwi\u0105zku z realizacj\u0105 cel\u00f3w statutowych, w szczeg\u00f3lno\u015bci poprzez informowanie o organizowanych spotkaniach, kampaniach i akcjach spo\u0142ecznych oraz mo\u017cliwo\u015bciach wspierania dzia\u0142alno\u015bci Stowarzyszenia Kultury Chrze\u015bcija\u0144skiej im. Ksi\u0119dza Piotra Skargi, c) w ramach wsp\u00f3\u0142pracy z organizacjami posiadaj\u0105cymi zbli\u017cone cele statutowe, poprzez przekazywanie Pa\u0144stwa danych osobowych tym podmiotom, a w szczeg\u00f3lno\u015bci Stowarzyszeniu \u201ePOLONIA CHRISTIANA\u201d z siedzib\u0105 przy ul. Skawi\u0144skiej 13 lok.13, 31-066 Krak\u00f3w, d) archiwalnych, gdy jest to niezb\u0119dne do zabezpieczenia informacji na wypadek prawnej potrzeby wykazania fakt\u00f3w dotycz\u0105cych kontaktu w celu ewentualnego ustalenia, dochodzenia lub obrony przed roszczeniami. Przetwarzanie Pa\u0144stwa danych osobowych w celach wskazanych pod liter\u0105 b), c) i d) powy\u017cej uzasadnione jest prawnie usprawiedliwionymi interesami realizowanymi przez administratora zgodnie z art. 6 ust. 1 lit. f RODO.<br \/>Podanie przez Pa\u0144stwa danych osobowych jest dobrowolne, niemniej bez ich wskazania nie b\u0119dzie mo\u017cliwe wykonanie wskazanych powy\u017cej cel\u00f3w. Maj\u0105 Pa\u0144stwo prawo dost\u0119pu do swoich danych, ich sprostowania, usuni\u0119cia lub ograniczenia ich przetwarzania oraz prawo do przenoszenia danych. Maj\u0105 Pa\u0144stwo r\u00f3wnie\u017c prawo do wniesienia sprzeciwu wobec przetwarzania Pa\u0144stwa danych osobowych. Wszystkie te \u017c\u0105dania b\u0119dziecie mogli Pa\u0144stwo zg\u0142asza\u0107 na adres siedziby Stowarzyszenia Kultury Chrze\u015bcija\u0144skiej im. Ksi\u0119dza Piotra Skargi, przy ul. Augustia\u0144skiej 28, 31-064 Krak\u00f3w z dopiskiem \u201eInspektor Ochrony Danych Osobowych\u201d lub na adres e-mail: iod@piotrskarga.pl. Maj\u0105 r\u00f3wnie\u017c Pa\u0144stwo prawo do wniesienia skargi do organu nadzorczego. Do Pa\u0144stwa danych osobowych mog\u0105 mie\u0107 r\u00f3wnie\u017c dost\u0119p podmioty \u015bwiadcz\u0105ce na rzecz Stowarzyszenia Kultury Chrze\u015bcija\u0144skiej im. Ksi\u0119dza Piotra Skargi us\u0142ugi, w szczeg\u00f3lno\u015bci hostingowe, informatyczne, wysy\u0142kowe jak i osoby upowa\u017cnione (np. pracownicy). Dane osobowe mog\u0105 by\u0107 r\u00f3wnie\u017c udost\u0119pniane innym organizacjom o zbli\u017conych celach statutowych. Podane dane osobowe mog\u0105 by\u0107 przetwarzane w spos\u00f3b zautomatyzowany, w tym r\u00f3wnie\u017c w formie profilowania. Jednak decyzje dotycz\u0105ce indywidualnej osoby, zwi\u0105zane z tym przetwarzaniem nie b\u0119d\u0105 zautomatyzowane. Pa\u0144stwa dane osobowe b\u0119d\u0105 przechowywane przez okres prowadzenia przez Stowarzyszenie Kultury Chrze\u015bcija\u0144skiej im. Ksi\u0119dza Piotra Skargi dzia\u0142alno\u015bci statutowej, w zwi\u0105zku z kt\u00f3r\u0105 przetwarzane s\u0105 Pa\u0144stwa dane osobowe, jednak nie d\u0142u\u017cej ni\u017c przez okres przedawnienia roszcze\u0144 z tytu\u0142u naruszenia przepis\u00f3w o ochronie danych osobowych w razie otrzymania od Pa\u0144stwa sprzeciwu wobec przetwarzania danych.<\/p>\t\t\t\t\t\t\t\t<\/div>\n\t\t\t\t<\/div>\n\t\t\t\t<\/div>\n\t\t\t\t<\/div>\n\t\t","protected":false},"excerpt":{"rendered":"<p>Klauzula informacyjna Informujemy, \u017ce Pa\u0144stwa dane osobowe przetwarzane s\u0105 przez Stowarzyszenie Kultury Chrze\u015bcija\u0144skiej im. Ksi\u0119dza Piotra Skargi z siedzib\u0105 przy ul. Augustia\u0144skiej 28, 31-064 Krak\u00f3w (administrator danych osobowych), w nast\u0119puj\u0105cych celach: a) w celu wykonania zam\u00f3wienia i wsparcia akcji, przetwarzanie Pa\u0144stwa danych w wy\u017cej wskazanym celu s\u0142u\u017cy podj\u0119ciu dzia\u0142a\u0144 przed zawarciem umowy i w wykonaniu [&hellip;]<\/p>\n","protected":false},"author":1,"featured_media":0,"parent":0,"menu_order":0,"comment_status":"open","ping_status":"closed","template":"elementor_canvas","meta":{"footnotes":""},"class_list":["post-328","page","type-page","status-publish","hentry"],"_links":{"self":[{"href":"https:\/\/pch24.pl\/ksiega-pamieci\/wp-json\/wp\/v2\/pages\/328","targetHints":{"allow":["GET"]}}],"collection":[{"href":"https:\/\/pch24.pl\/ksiega-pamieci\/wp-json\/wp\/v2\/pages"}],"about":[{"href":"https:\/\/pch24.pl\/ksiega-pamieci\/wp-json\/wp\/v2\/types\/page"}],"author":[{"embeddable":true,"href":"https:\/\/pch24.pl\/ksiega-pamieci\/wp-json\/wp\/v2\/users\/1"}],"replies":[{"embeddable":true,"href":"https:\/\/pch24.pl\/ksiega-pamieci\/wp-json\/wp\/v2\/comments?post=328"}],"version-history":[{"count":16,"href":"https:\/\/pch24.pl\/ksiega-pamieci\/wp-json\/wp\/v2\/pages\/328\/revisions"}],"predecessor-version":[{"id":348,"href":"https:\/\/pch24.pl\/ksiega-pamieci\/wp-json\/wp\/v2\/pages\/328\/revisions\/348"}],"wp:attachment":[{"href":"https:\/\/pch24.pl\/ksiega-pamieci\/wp-json\/wp\/v2\/media?parent=328"}],"curies":[{"name":"wp","href":"https:\/\/api.w.org\/{rel}","templated":true}]}}